{"id":987582506,"date":"2024-08-16T13:04:49","date_gmt":"2024-08-16T13:04:49","guid":{"rendered":"https:\/\/wp1.amiskoodari.fi\/wordpress\/?page_id=987582506"},"modified":"2024-09-06T07:36:07","modified_gmt":"2024-09-06T07:36:07","slug":"palvelut","status":"publish","type":"page","link":"https:\/\/www.datasense.fi\/en\/palvelut\/","title":{"rendered":"Services"},"content":{"rendered":"<p>[et_pb_section fb_built=&#8221;1&#8243; _builder_version=&#8221;4.27.0&#8243; _module_preset=&#8221;default&#8221; background_color=&#8221;#565656&#8243; background_image=&#8221;http:\/\/www.datasense.fi\/wp-content\/uploads\/2024\/08\/planning-lores.jpg&#8221; background_blend=&#8221;overlay&#8221; global_colors_info=&#8221;{}&#8221;][et_pb_row _builder_version=&#8221;4.27.0&#8243; _module_preset=&#8221;default&#8221; background_color=&#8221;RGBA(255,255,255,0)&#8221; global_colors_info=&#8221;{}&#8221;][et_pb_column type=&#8221;4_4&#8243; _builder_version=&#8221;4.27.0&#8243; _module_preset=&#8221;default&#8221; global_colors_info=&#8221;{}&#8221;][et_pb_heading title=&#8221;Kokonaisvaltaiset ratkaisut ymp\u00e4rist\u00f6mittausten tarpeisiin, kattaen kaikki vaiheet suunnittelusta toteutukseen ja yll\u00e4pitoon. &#8221; _builder_version=&#8221;4.27.0&#8243; _module_preset=&#8221;default&#8221; title_font=&#8221;|600|||||||&#8221; title_text_align=&#8221;center&#8221; title_text_color=&#8221;#FFFFFF&#8221; title_line_height=&#8221;1.4em&#8221; background_enable_color=&#8221;off&#8221; custom_margin=&#8221;40px||10px||false|false&#8221; custom_padding=&#8221;40px||0px||false|false&#8221; global_colors_info=&#8221;{}&#8221;][\/et_pb_heading][\/et_pb_column][\/et_pb_row][\/et_pb_section][et_pb_section fb_built=&#8221;1&#8243; _builder_version=&#8221;4.27.0&#8243; _module_preset=&#8221;default&#8221; locked=&#8221;off&#8221; global_colors_info=&#8221;{}&#8221;][et_pb_row column_structure=&#8221;1_3,1_3,1_3&#8243; _builder_version=&#8221;4.27.0&#8243; _module_preset=&#8221;default&#8221; global_colors_info=&#8221;{}&#8221;][et_pb_column type=&#8221;1_3&#8243; _builder_version=&#8221;4.27.0&#8243; _module_preset=&#8221;default&#8221; global_colors_info=&#8221;{}&#8221;][et_pb_text _builder_version=&#8221;4.27.0&#8243; _module_preset=&#8221;default&#8221; text_text_color=&#8221;#666666&#8243; text_line_height=&#8221;1.1em&#8221; global_colors_info=&#8221;{}&#8221;]<\/p>\n<ul>\n<li><a href=\"#Mittausasemien%20suunnittelu\">Mittausasemien suunnittelu<\/a><\/li>\n<li><a href=\"#Mittauspalvelu\">Mittauspalvelut<\/a><\/li>\n<\/ul>\n<p>[\/et_pb_text][\/et_pb_column][et_pb_column type=&#8221;1_3&#8243; _builder_version=&#8221;4.27.0&#8243; _module_preset=&#8221;default&#8221; global_colors_info=&#8221;{}&#8221;][et_pb_text _builder_version=&#8221;4.27.0&#8243; _module_preset=&#8221;default&#8221; global_colors_info=&#8221;{}&#8221;]<\/p>\n<ul>\n<li><a href=\"#Suunnittelu\">Koeasetelman suunnittelu<\/a><\/li>\n<li><a href=\"#N\u00e4ytteenotto\">N\u00e4ytteenotto ja analyysit<\/a><\/li>\n<\/ul>\n<p>[\/et_pb_text][et_pb_button button_url=&#8221;http:\/\/www.datasense.fi\/fi\/ota-yhteytta\/&#8221; url_new_window=&#8221;on&#8221; button_text=&#8221;Kysy lis\u00e4\u00e4 palveluista&#8221; button_alignment=&#8221;center&#8221; _builder_version=&#8221;4.27.0&#8243; _module_preset=&#8221;default&#8221; custom_button=&#8221;on&#8221; button_text_size=&#8221;16px&#8221; button_border_radius=&#8221;7px&#8221; button_font=&#8221;|600|||||||&#8221; button_icon=&#8221;&#x49;||divi||400&#8243; box_shadow_style=&#8221;preset2&#8243; global_colors_info=&#8221;{}&#8221;][\/et_pb_button][\/et_pb_column][et_pb_column type=&#8221;1_3&#8243; _builder_version=&#8221;4.27.0&#8243; _module_preset=&#8221;default&#8221; global_colors_info=&#8221;{}&#8221;][et_pb_text _builder_version=&#8221;4.27.0&#8243; _module_preset=&#8221;default&#8221; link_option_url=&#8221;#Datapalvelu&#8221; global_colors_info=&#8221;{}&#8221;]<\/p>\n<ul>\n<li><a href=\"#Datapalvelu\">Data ja analyysit palveluna<\/a><\/li>\n<li><a href=\"#Asennuspalvelu\">Mittapaikkojen perustaminen<\/a><\/li>\n<\/ul>\n<p>[\/et_pb_text][\/et_pb_column][\/et_pb_row][et_pb_row column_structure=&#8221;2_3,1_3&#8243; use_custom_gutter=&#8221;on&#8221; gutter_width=&#8221;1&#8243; make_equal=&#8221;on&#8221; admin_label=&#8221;Data ja analyysit palveluna&#8221; _builder_version=&#8221;4.27.0&#8243; _module_preset=&#8221;default&#8221; max_width=&#8221;1000px&#8221; custom_margin=&#8221;20px||20px||false|false&#8221; custom_padding=&#8221;20px|20px|20px|20px|false|false&#8221; border_radii=&#8221;on|10px|10px|10px|10px&#8221; box_shadow_style=&#8221;preset2&#8243; global_colors_info=&#8221;{}&#8221;][et_pb_column type=&#8221;2_3&#8243; _builder_version=&#8221;4.27.0&#8243; _module_preset=&#8221;default&#8221; global_colors_info=&#8221;{}&#8221;][et_pb_blurb title=&#8221;Tuotekehitys ja r\u00e4\u00e4t\u00e4l\u00f6inti&#8221; content_max_width=&#8221;700px&#8221; module_id=&#8221;Mittausasemien suunnittelu&#8221; _builder_version=&#8221;4.27.0&#8243; _module_preset=&#8221;default&#8221; header_level=&#8221;h2&#8243; header_line_height=&#8221;1.1em&#8221; body_font_size=&#8221;16px&#8221; body_line_height=&#8221;1.73em&#8221; width=&#8221;90%&#8221; module_alignment=&#8221;left&#8221; custom_margin=&#8221;20px|20px|20px|20px|false|false&#8221; custom_padding=&#8221;20px|20px|20px|20px|false|false&#8221; global_colors_info=&#8221;{}&#8221;]<\/p>\n<p>Jokainen tutkimus- ja olosuhdeseurantakohde on ainutlaatuinen, eik\u00e4 vakioratkaisut usein vastaa niiden erityistarpeita. Me tarjoamme r\u00e4\u00e4t\u00e4l\u00f6ityj\u00e4 ratkaisuja, joissa k\u00e4ytet\u00e4\u00e4n asiakkaan tarpeiden mukaisia sensoreita ja datapalveluita. Kerro meille, mit\u00e4 haluat mitata ja mitk\u00e4 ovat tavoitteesi, niin me etsimme globaalilta markkinoilta sopivimmat sensorit ja toimitamme kokonaisratkaisun. Integraatioalustamme mahdollistaa l\u00e4hes mink\u00e4 tahansa anturiteknologian nopean ja kustannustehokkaan implementoinnin, kun k\u00e4yt\u00f6ss\u00e4 on standardirajapinta kuten RS485, SDI-12, Bluetooth, analoginen, I2C, OneWire tai 4-20 mA virtasilmukka.<\/p>\n<p>[\/et_pb_blurb][\/et_pb_column][et_pb_column type=&#8221;1_3&#8243; _builder_version=&#8221;4.27.0&#8243; _module_preset=&#8221;default&#8221; global_colors_info=&#8221;{}&#8221;][et_pb_image src=&#8221;http:\/\/www.datasense.fi\/wp-content\/uploads\/2024\/08\/engineers-work-with-electrical-measuring-devices_lores.jpg&#8221; title_text=&#8221;engineers work with electrical measuring devices&#8221; align=&#8221;center&#8221; module_id=&#8221;datapalvelu&#8221; _builder_version=&#8221;4.27.0&#8243; _module_preset=&#8221;default&#8221; width=&#8221;100%&#8221; max_width=&#8221;100%&#8221; module_alignment=&#8221;center&#8221; custom_margin=&#8221;20px||36px||false|false&#8221; custom_padding=&#8221;20px|20px|20px|20px|false|false&#8221; border_radii=&#8221;on|10px|10px|10px|10px&#8221; global_colors_info=&#8221;{}&#8221;][\/et_pb_image][\/et_pb_column][\/et_pb_row][et_pb_row column_structure=&#8221;1_3,2_3&#8243; use_custom_gutter=&#8221;on&#8221; gutter_width=&#8221;1&#8243; make_equal=&#8221;on&#8221; admin_label=&#8221;Data ja analyysit palveluna&#8221; _builder_version=&#8221;4.27.0&#8243; _module_preset=&#8221;default&#8221; max_width=&#8221;1000px&#8221; custom_margin=&#8221;20px||20px||false|false&#8221; custom_padding=&#8221;20px|20px|20px|20px|false|false&#8221; border_radii=&#8221;on|10px|10px|10px|10px&#8221; box_shadow_style=&#8221;preset2&#8243; global_colors_info=&#8221;{}&#8221;][et_pb_column type=&#8221;1_3&#8243; _builder_version=&#8221;4.27.0&#8243; _module_preset=&#8221;default&#8221; global_colors_info=&#8221;{}&#8221;][et_pb_image src=&#8221;http:\/\/www.datasense.fi\/wp-content\/uploads\/2024\/09\/suunnittelupalis_lores.jpg&#8221; title_text=&#8221;suunnittelupalis_lores&#8221; align=&#8221;center&#8221; module_id=&#8221;Koeasetelman suunnittelu&#8221; _builder_version=&#8221;4.27.0&#8243; _module_preset=&#8221;default&#8221; width=&#8221;100%&#8221; max_width=&#8221;100%&#8221; module_alignment=&#8221;center&#8221; custom_margin=&#8221;20px||||false|false&#8221; custom_padding=&#8221;20px|20px|20px|20px|false|false&#8221; border_radii=&#8221;on|10px|10px|10px|10px&#8221; global_colors_info=&#8221;{}&#8221;][\/et_pb_image][\/et_pb_column][et_pb_column type=&#8221;2_3&#8243; _builder_version=&#8221;4.27.0&#8243; _module_preset=&#8221;default&#8221; global_colors_info=&#8221;{}&#8221;][et_pb_blurb title=&#8221;Koeasetelman suunnittelu&#8221; content_max_width=&#8221;700px&#8221; module_id=&#8221;Suunnittelu&#8221; _builder_version=&#8221;4.27.0&#8243; _module_preset=&#8221;default&#8221; header_level=&#8221;h2&#8243; body_font_size=&#8221;16px&#8221; body_line_height=&#8221;1.73em&#8221; width=&#8221;90%&#8221; module_alignment=&#8221;left&#8221; custom_margin=&#8221;20px|20px|20px|20px|false|false&#8221; custom_padding=&#8221;20px|20px|20px|20px|false|false&#8221; global_colors_info=&#8221;{}&#8221;]<\/p>\n<p>Meill\u00e4 on laaja kokemus kymmenist\u00e4 erilaisista hankkeista, ja tarjoamme r\u00e4\u00e4t\u00e4l\u00f6ity\u00e4 tukea mittaus- ja tutkimussuunnittelussa, dokumentoinnissa ja raportoinnissa sek\u00e4 mittalaitteiden ja mittapisteiden valinnassa. Palvelumme lopputuloksena syntyy tarkka ja kattava suunnitelma, joka m\u00e4\u00e4rittelee mittausten tavoitteet, mittalaitteiden vaatimukset, ker\u00e4tt\u00e4v\u00e4n datan, aikataulun, sek\u00e4 mittauspaikat. Tarvittaessa laadimme kokeesta tai tutkimuksesta yksityiskohtaisen ja kattavan loppuraportin, joka tarjoaa selke\u00e4n kuvan tuloksista ja niiden merkityksest\u00e4.<\/p>\n<p>[\/et_pb_blurb][\/et_pb_column][\/et_pb_row][et_pb_row column_structure=&#8221;2_3,1_3&#8243; use_custom_gutter=&#8221;on&#8221; gutter_width=&#8221;1&#8243; make_equal=&#8221;on&#8221; admin_label=&#8221;Data ja analyysit palveluna&#8221; _builder_version=&#8221;4.27.0&#8243; _module_preset=&#8221;default&#8221; max_width=&#8221;1000px&#8221; custom_margin=&#8221;20px||20px||false|false&#8221; custom_padding=&#8221;20px|20px|20px|20px|false|false&#8221; border_radii=&#8221;on|10px|10px|10px|10px&#8221; box_shadow_style=&#8221;preset2&#8243; global_colors_info=&#8221;{}&#8221;][et_pb_column type=&#8221;2_3&#8243; _builder_version=&#8221;4.27.0&#8243; _module_preset=&#8221;default&#8221; global_colors_info=&#8221;{}&#8221;][et_pb_blurb title=&#8221;Data ja analyysit palveluna&#8221; content_max_width=&#8221;700px&#8221; module_id=&#8221;Datapalvelu&#8221; _builder_version=&#8221;4.27.0&#8243; _module_preset=&#8221;default&#8221; header_level=&#8221;h2&#8243; body_font_size=&#8221;16px&#8221; body_line_height=&#8221;1.73em&#8221; width=&#8221;90%&#8221; module_alignment=&#8221;left&#8221; custom_margin=&#8221;20px|20px|20px|20px|false|false&#8221; custom_padding=&#8221;20px|20px|20px|20px|false|false&#8221; global_colors_info=&#8221;{}&#8221;]<\/p>\n<p>Data on mittausasemilta, satelliiteista ja muista l\u00e4hteist\u00e4 ker\u00e4tty\u00e4 raaka-ainetta, josta jalostetaan arvokasta tietoa p\u00e4\u00e4t\u00f6ksenteon tueksi. Datasensen data- ja analyysipalvelu tarjoaa kokonaisratkaisun, joka tuottaa raakadataa, integroi sen ja prosessoi k\u00e4ytt\u00f6kelpoiseen muotoon. Olosuhteiden valvonnassa monipuolinen ja reaaliaikainen datan visualisointi mahdollistaa tilanteisiin reagoinnin ja h\u00e4lytysten asettamisen m\u00e4\u00e4riteltyjen raja-arvojen mukaan. Analyysipalvelumme jalostaa raakadatasta syv\u00e4llist\u00e4 tiet\u00e4myst\u00e4, ja varmistamme datan laadun mittausasemien kalibroinnin ja tilastollisten menetelmien avulla.<\/p>\n<p>[\/et_pb_blurb][\/et_pb_column][et_pb_column type=&#8221;1_3&#8243; _builder_version=&#8221;4.27.0&#8243; _module_preset=&#8221;default&#8221; global_colors_info=&#8221;{}&#8221;][et_pb_image src=&#8221;https:\/\/wp1.amiskoodari.fi\/wordpress\/wp-content\/uploads\/2024\/08\/DAAS-lores2.jpg&#8221; title_text=&#8221;DAAS-lores2&#8243; align=&#8221;center&#8221; module_id=&#8221;datapalvelu&#8221; _builder_version=&#8221;4.27.0&#8243; _module_preset=&#8221;default&#8221; width=&#8221;100%&#8221; max_width=&#8221;100%&#8221; module_alignment=&#8221;center&#8221; custom_margin=&#8221;20px||||false|false&#8221; custom_padding=&#8221;20px|20px|20px|20px|false|false&#8221; border_radii=&#8221;on|10px|10px|10px|10px&#8221; global_colors_info=&#8221;{}&#8221;][\/et_pb_image][\/et_pb_column][\/et_pb_row][et_pb_row column_structure=&#8221;1_3,2_3&#8243; use_custom_gutter=&#8221;on&#8221; gutter_width=&#8221;1&#8243; make_equal=&#8221;on&#8221; admin_label=&#8221;Data ja analyysit palveluna&#8221; _builder_version=&#8221;4.27.0&#8243; _module_preset=&#8221;default&#8221; max_width=&#8221;1000px&#8221; custom_margin=&#8221;20px||20px||false|false&#8221; custom_padding=&#8221;20px|20px|20px|20px|false|false&#8221; border_radii=&#8221;on|10px|10px|10px|10px&#8221; box_shadow_style=&#8221;preset2&#8243; global_colors_info=&#8221;{}&#8221;][et_pb_column type=&#8221;1_3&#8243; _builder_version=&#8221;4.27.0&#8243; _module_preset=&#8221;default&#8221; global_colors_info=&#8221;{}&#8221;][et_pb_image src=&#8221;http:\/\/www.datasense.fi\/wp-content\/uploads\/2024\/08\/primelab-in-action-2.jpg&#8221; title_text=&#8221;primelab in action&#8221; align=&#8221;center&#8221; module_id=&#8221;Mittauspalvelu&#8221; _builder_version=&#8221;4.27.0&#8243; _module_preset=&#8221;default&#8221; width=&#8221;100%&#8221; max_width=&#8221;100%&#8221; module_alignment=&#8221;center&#8221; custom_margin=&#8221;20px||||false|false&#8221; custom_padding=&#8221;20px|20px|20px|20px|false|false&#8221; border_radii=&#8221;on|10px|10px|10px|10px&#8221; global_colors_info=&#8221;{}&#8221;][\/et_pb_image][\/et_pb_column][et_pb_column type=&#8221;2_3&#8243; _builder_version=&#8221;4.27.0&#8243; _module_preset=&#8221;default&#8221; global_colors_info=&#8221;{}&#8221;][et_pb_blurb title=&#8221;Mittauspalvelut&#8221; content_max_width=&#8221;700px&#8221; module_id=&#8221;Mittauspalvelu&#8221; _builder_version=&#8221;4.27.0&#8243; _module_preset=&#8221;default&#8221; header_level=&#8221;h2&#8243; body_font_size=&#8221;16px&#8221; body_line_height=&#8221;1.73em&#8221; width=&#8221;90%&#8221; module_alignment=&#8221;left&#8221; custom_margin=&#8221;20px|20px|20px|20px|false|false&#8221; custom_padding=&#8221;20px|20px|20px|20px|false|false&#8221; global_colors_info=&#8221;{}&#8221;]<\/p>\n<p>Mittauspalvelumme tarjoaa tarkkaa ja luotettavaa dataa suoraan kohteesta, kuten kasvihuonekaasujen tai muiden ymp\u00e4rist\u00f6parametrien mittauksista, ilman ett\u00e4 asiakkaan tarvitsee investoida omiin henkil\u00f6resursseihin tai mittalaitteisiin. Asiantuntijamme suorittavat kaikki tarvittavat mittaukset paikan p\u00e4\u00e4ll\u00e4 tarkoilla laitteistolla ja menetelmill\u00e4. Palveluumme sis\u00e4ltyy mittausten suorittaminen, mittauslaitteiden asennus, kalibrointi, jatkuva seuranta ja datan ker\u00e4\u00e4minen.<\/p>\n<p>[\/et_pb_blurb][\/et_pb_column][\/et_pb_row][et_pb_row column_structure=&#8221;2_3,1_3&#8243; use_custom_gutter=&#8221;on&#8221; gutter_width=&#8221;1&#8243; make_equal=&#8221;on&#8221; admin_label=&#8221;Data ja analyysit palveluna&#8221; _builder_version=&#8221;4.27.0&#8243; _module_preset=&#8221;default&#8221; max_width=&#8221;1000px&#8221; custom_margin=&#8221;20px||20px||false|false&#8221; custom_padding=&#8221;20px|20px|20px|20px|false|false&#8221; border_radii=&#8221;on|10px|10px|10px|10px&#8221; box_shadow_style=&#8221;preset2&#8243; global_colors_info=&#8221;{}&#8221;][et_pb_column type=&#8221;2_3&#8243; _builder_version=&#8221;4.27.0&#8243; _module_preset=&#8221;default&#8221; global_colors_info=&#8221;{}&#8221;][et_pb_blurb title=&#8221;N\u00e4ytteenotto ja analyysit&#8221; content_max_width=&#8221;700px&#8221; module_id=&#8221;N\u00e4ytteenotto&#8221; _builder_version=&#8221;4.27.0&#8243; _module_preset=&#8221;default&#8221; header_level=&#8221;h2&#8243; body_line_height=&#8221;1.73em&#8221; width=&#8221;90%&#8221; module_alignment=&#8221;left&#8221; custom_margin=&#8221;20px|20px|20px|20px|false|false&#8221; custom_padding=&#8221;20px|20px|20px|20px|false|false&#8221; global_colors_info=&#8221;{}&#8221;]<\/p>\n<p>Teemmme veden laatu- ja maaper\u00e4n\u00e4ytteiden otantaan ja analysointiin asiakkaillemme mahdollisimman vaivttoman. Hoidamme n\u00e4ytteiden ker\u00e4\u00e4misen tarkasti ja asiantuntevasti kent\u00e4ll\u00e4, varmistaen luotettavat tulokset. Veden laadun analysoinnissa k\u00e4yt\u00e4mme kehittyneit\u00e4 optisia mittalaitteita, jotka tarjoavat tarkan ja reaaliaikaisen analyysin. Maa-analyyseiss\u00e4 hy\u00f6dynn\u00e4mme luotettavien laboratorioiden osaamista, mik\u00e4 varmistaa korkealaatuiset tulokset.<\/p>\n<p>[\/et_pb_blurb][\/et_pb_column][et_pb_column type=&#8221;1_3&#8243; _builder_version=&#8221;4.27.0&#8243; _module_preset=&#8221;default&#8221; global_colors_info=&#8221;{}&#8221;][et_pb_image src=&#8221;https:\/\/wp1.amiskoodari.fi\/wordpress\/wp-content\/uploads\/2024\/08\/Mats-vesinayte-kaivosta.jpg&#8221; title_text=&#8221;Mats vesin\u00e4yte kaivosta&#8221; align=&#8221;center&#8221; _builder_version=&#8221;4.27.0&#8243; _module_preset=&#8221;default&#8221; width=&#8221;100%&#8221; max_width=&#8221;100%&#8221; module_alignment=&#8221;center&#8221; custom_margin=&#8221;20px||||false|false&#8221; custom_padding=&#8221;20px|20px|20px|20px|false|false&#8221; border_radii=&#8221;on|10px|10px|10px|10px&#8221; global_colors_info=&#8221;{}&#8221;][\/et_pb_image][\/et_pb_column][\/et_pb_row][et_pb_row column_structure=&#8221;1_3,2_3&#8243; use_custom_gutter=&#8221;on&#8221; gutter_width=&#8221;1&#8243; make_equal=&#8221;on&#8221; admin_label=&#8221;Data ja analyysit palveluna&#8221; _builder_version=&#8221;4.27.0&#8243; _module_preset=&#8221;default&#8221; max_width=&#8221;1000px&#8221; custom_margin=&#8221;20px||20px||false|false&#8221; custom_padding=&#8221;20px|20px|20px|20px|false|false&#8221; border_radii=&#8221;on|10px|10px|10px|10px&#8221; box_shadow_style=&#8221;preset2&#8243; global_colors_info=&#8221;{}&#8221;][et_pb_column type=&#8221;1_3&#8243; _builder_version=&#8221;4.27.0&#8243; _module_preset=&#8221;default&#8221; global_colors_info=&#8221;{}&#8221;][et_pb_image src=&#8221;https:\/\/wp1.amiskoodari.fi\/wordpress\/wp-content\/uploads\/2024\/08\/20230502_125254-scaled.jpg&#8221; title_text=&#8221;20230502_125254&#8243; align=&#8221;center&#8221; _builder_version=&#8221;4.27.0&#8243; _module_preset=&#8221;default&#8221; width=&#8221;100%&#8221; max_width=&#8221;100%&#8221; module_alignment=&#8221;center&#8221; custom_margin=&#8221;20px||||false|false&#8221; custom_padding=&#8221;20px|20px|20px|20px|false|false&#8221; border_radii=&#8221;on|10px|10px|10px|10px&#8221; global_colors_info=&#8221;{}&#8221;][\/et_pb_image][\/et_pb_column][et_pb_column type=&#8221;2_3&#8243; _builder_version=&#8221;4.27.0&#8243; _module_preset=&#8221;default&#8221; global_colors_info=&#8221;{}&#8221;][et_pb_blurb title=&#8221;Mittapaikkojen perustaminen&#8221; content_max_width=&#8221;700px&#8221; module_id=&#8221;Asennuspalvelu&#8221; _builder_version=&#8221;4.27.0&#8243; _module_preset=&#8221;default&#8221; header_level=&#8221;h2&#8243; body_font_size=&#8221;16px&#8221; body_line_height=&#8221;1.73em&#8221; width=&#8221;90%&#8221; module_alignment=&#8221;left&#8221; custom_margin=&#8221;20px|20px|20px|20px|false|false&#8221; custom_padding=&#8221;20px|20px|20px|20px|false|false&#8221; global_colors_info=&#8221;{}&#8221;]<\/p>\n<p>Huolehdimme mittausasemien asennuksesta alusta loppuun, mukaan lukien mittalaitteiden ja sensorien valinnan, asennuksen sek\u00e4 kalibroinnin. Varmistamme, ett\u00e4 mittausasemat ovat optimaalisesti sijoitettuja ja toimivat moitteettomasti, mik\u00e4 takaa jatkuvan ja laadukkaan datan keruun tarpeidesi mukaan. Tarjoamiamme asennuspalveluita ovat esimerkiksi havaintokaivojen poraus ja veden laatusensoreiden asennus, maaper\u00e4sensoreiden ja s\u00e4\u00e4asemien asennus sek\u00e4 monenlaiset muut mittausratkaisut.<\/p>\n<p>[\/et_pb_blurb][\/et_pb_column][\/et_pb_row][\/et_pb_section]<\/p>\n","protected":false},"excerpt":{"rendered":"<p>Mittausasemien suunnittelu Mittauspalvelut Koeasetelman suunnittelu N\u00e4ytteenotto ja analyysit Data ja analyysit palveluna Mittapaikkojen perustaminen Jokainen tutkimus- ja olosuhdeseurantakohde on ainutlaatuinen, eik\u00e4 vakioratkaisut usein vastaa niiden erityistarpeita. Me tarjoamme r\u00e4\u00e4t\u00e4l\u00f6ityj\u00e4 ratkaisuja, joissa k\u00e4ytet\u00e4\u00e4n asiakkaan tarpeiden mukaisia sensoreita ja datapalveluita. Kerro meille, mit\u00e4 haluat mitata ja mitk\u00e4 ovat tavoitteesi, niin me etsimme globaalilta markkinoilta sopivimmat sensorit ja [&hellip;]<\/p>\n","protected":false},"author":1,"featured_media":0,"parent":0,"menu_order":0,"comment_status":"closed","ping_status":"closed","template":"","meta":{"_et_pb_use_builder":"on","_et_pb_old_content":"","_et_gb_content_width":"","footnotes":""},"class_list":["post-987582506","page","type-page","status-publish","hentry"],"_links":{"self":[{"href":"https:\/\/www.datasense.fi\/en\/wp-json\/wp\/v2\/pages\/987582506","targetHints":{"allow":["GET"]}}],"collection":[{"href":"https:\/\/www.datasense.fi\/en\/wp-json\/wp\/v2\/pages"}],"about":[{"href":"https:\/\/www.datasense.fi\/en\/wp-json\/wp\/v2\/types\/page"}],"author":[{"embeddable":true,"href":"https:\/\/www.datasense.fi\/en\/wp-json\/wp\/v2\/users\/1"}],"replies":[{"embeddable":true,"href":"https:\/\/www.datasense.fi\/en\/wp-json\/wp\/v2\/comments?post=987582506"}],"version-history":[{"count":73,"href":"https:\/\/www.datasense.fi\/en\/wp-json\/wp\/v2\/pages\/987582506\/revisions"}],"predecessor-version":[{"id":987583361,"href":"https:\/\/www.datasense.fi\/en\/wp-json\/wp\/v2\/pages\/987582506\/revisions\/987583361"}],"wp:attachment":[{"href":"https:\/\/www.datasense.fi\/en\/wp-json\/wp\/v2\/media?parent=987582506"}],"curies":[{"name":"wp","href":"https:\/\/api.w.org\/{rel}","templated":true}]}}