{"id":133,"date":"2024-04-25T06:13:03","date_gmt":"2024-04-25T06:13:03","guid":{"rendered":"https:\/\/wp1.amiskoodari.fi\/wordpress\/?page_id=133"},"modified":"2025-10-20T08:39:36","modified_gmt":"2025-10-20T06:39:36","slug":"yritys","status":"publish","type":"page","link":"https:\/\/www.datasense.fi\/en\/yritys\/","title":{"rendered":"About"},"content":{"rendered":"<p>[et_pb_section fb_built=&#8221;1&#8243; _builder_version=&#8221;4.27.4&#8243; _module_preset=&#8221;default&#8221; hover_enabled=&#8221;0&#8243; global_colors_info=&#8221;{}&#8221; custom_padding=&#8221;100px||||false|false&#8221; sticky_enabled=&#8221;0&#8243; background_enable_color=&#8221;off&#8221;][et_pb_row _builder_version=&#8221;4.27.0&#8243; _module_preset=&#8221;default&#8221; global_colors_info=&#8221;{}&#8221;][et_pb_column type=&#8221;4_4&#8243; _builder_version=&#8221;4.27.0&#8243; _module_preset=&#8221;default&#8221; global_colors_info=&#8221;{}&#8221;][et_pb_heading title=&#8221;Datasense on ymp\u00e4rist\u00f6n ja \u00e4lymaatalouden mittausratkaisuihin ja datapalveluihin erikoistunut yritys &#8221; _builder_version=&#8221;4.27.4&#8243; _module_preset=&#8221;default&#8221; title_font=&#8221;Montserrat|300|||||||&#8221; title_text_align=&#8221;center&#8221; title_line_height=&#8221;1.7em&#8221; custom_margin=&#8221;0px||||false|false&#8221; global_colors_info=&#8221;{}&#8221;][\/et_pb_heading][et_pb_heading title=&#8221;Missiomme ja intohimomme on edist\u00e4\u00e4 luonnon hyvinvointia, monimuotoisuutta ja maatalouden resurssitehokasta, kest\u00e4v\u00e4\u00e4 tuotantoa hy\u00f6dynt\u00e4m\u00e4ll\u00e4 menetelm\u00e4osaamista, modernia teknologiaa ja laadukasta dataa. Kehit\u00e4mme jatkuvasti innovatiivisia ratkaisuja, jotka vahvistavat sek\u00e4 tuotannon kannattavuutta ett\u00e4 ymp\u00e4rist\u00f6nsuojelua.&#8221; _builder_version=&#8221;4.27.4&#8243; _module_preset=&#8221;default&#8221; title_level=&#8221;h3&#8243; title_font=&#8221;Montserrat|300|||||||&#8221; title_text_align=&#8221;left&#8221; title_line_height=&#8221;1.6em&#8221; custom_margin=&#8221;0px||||false|false&#8221; global_colors_info=&#8221;{}&#8221;][\/et_pb_heading][\/et_pb_column][\/et_pb_row][et_pb_row column_structure=&#8221;1_2,1_2&#8243; _builder_version=&#8221;4.27.4&#8243; _module_preset=&#8221;default&#8221; hover_enabled=&#8221;0&#8243; global_colors_info=&#8221;{}&#8221; make_equal=&#8221;on&#8221; sticky_enabled=&#8221;0&#8243;][et_pb_column type=&#8221;1_2&#8243; _builder_version=&#8221;4.27.0&#8243; _module_preset=&#8221;default&#8221; global_colors_info=&#8221;{}&#8221;][et_pb_text _builder_version=&#8221;4.27.4&#8243; _module_preset=&#8221;default&#8221; text_font=&#8221;Montserrat|300|||||||&#8221; text_font_size=&#8221;16px&#8221; custom_padding=&#8221;16px|16px|16px|16px|true|true&#8221; hover_enabled=&#8221;0&#8243; border_radii=&#8221;on|10px|10px|10px|10px&#8221; global_colors_info=&#8221;{}&#8221; sticky_enabled=&#8221;0&#8243; background_enable_color=&#8221;off&#8221;]<\/p>\n<p data-start=\"47\" data-end=\"212\"><strong data-start=\"47\" data-end=\"63\">Datasense Oy<\/strong> (perustettu 2016) on erikoistunut moderneihin mittausratkaisuihin ymp\u00e4rist\u00f6tutkimuksen, \u00e4lymaatalouden (farmiaisti.fi) ja teollisuuden tarpeisiin.<\/p>\n<p data-start=\"214\" data-end=\"394\">Tarjoamme monipuolisia ja tarkkoja ratkaisuja kasvihuonekaasujen, s\u00e4\u00e4- ja olosuhdetietojen, maaper\u00e4n, kasvuston sek\u00e4 pohja- ja pintavesien pinnankorkeuden ja laadun mittaamiseen.<\/p>\n<p data-start=\"396\" data-end=\"510\">Mittausasemien lis\u00e4ksi palveluihimme kuuluvat suunnittelu, asennukset, n\u00e4ytteiden ker\u00e4ys, analyysit ja yll\u00e4pito.<\/p>\n<p>[\/et_pb_text][\/et_pb_column][et_pb_column type=&#8221;1_2&#8243; _builder_version=&#8221;4.27.0&#8243; _module_preset=&#8221;default&#8221; global_colors_info=&#8221;{}&#8221;][et_pb_text _builder_version=&#8221;4.27.4&#8243; _module_preset=&#8221;default&#8221; text_font=&#8221;Montserrat|300|||||||&#8221; text_font_size=&#8221;16px&#8221; custom_padding=&#8221;16px|16px|16px|16px|true|true&#8221; hover_enabled=&#8221;0&#8243; border_radii=&#8221;on|10px|10px|10px|10px&#8221; global_colors_info=&#8221;{}&#8221; sticky_enabled=&#8221;0&#8243; background_enable_color=&#8221;off&#8221;]<\/p>\n<p>Uskomme jatkuvaan kehitykseen ja uusien ideoiden nopeaan k\u00e4ytt\u00f6\u00f6nottoon, mik\u00e4 mahdollistaa paremman sopeutumisen ja reagoinnin ymp\u00e4rist\u00f6n tarpeisiin.<\/p>\n<p>Tieteeseen perustuva l\u00e4hestymistapamme takaa, ett\u00e4 tarjoamme asiakkaillemme ja sidosryhmillemme luotettavaa ja ajantasaista tietoa ymp\u00e4rist\u00f6vaikutuksista.<\/p>\n<p>Toimimme tiiviiss\u00e4 yhteisty\u00f6ss\u00e4 tutkimuslaitosten, asiakkaidemme ja sidosryhmiemme kanssa, jotta voimme yhdess\u00e4 l\u00f6yt\u00e4\u00e4 ymp\u00e4rist\u00f6n kannalta parhaat ja kest\u00e4v\u00e4t tatkaisut.<\/p>\n<p>[\/et_pb_text][\/et_pb_column][\/et_pb_row][et_pb_row _builder_version=&#8221;4.27.0&#8243; _module_preset=&#8221;default&#8221; global_colors_info=&#8221;{}&#8221;][et_pb_column type=&#8221;4_4&#8243; _builder_version=&#8221;4.27.0&#8243; _module_preset=&#8221;default&#8221; global_colors_info=&#8221;{}&#8221;][et_pb_heading title=&#8221;Vastuullisuus&#8221; _builder_version=&#8221;4.27.4&#8243; _module_preset=&#8221;default&#8221; title_font=&#8221;Montserrat|300|||||||&#8221; title_text_align=&#8221;center&#8221; global_colors_info=&#8221;{}&#8221;][\/et_pb_heading][\/et_pb_column][\/et_pb_row][et_pb_row _builder_version=&#8221;4.27.0&#8243; _module_preset=&#8221;default&#8221; global_colors_info=&#8221;{}&#8221;][et_pb_column type=&#8221;4_4&#8243; _builder_version=&#8221;4.27.0&#8243; _module_preset=&#8221;default&#8221; global_colors_info=&#8221;{}&#8221;][et_pb_text _builder_version=&#8221;4.27.4&#8243; _module_preset=&#8221;default&#8221; text_font=&#8221;Montserrat|300|||||||&#8221; text_font_size=&#8221;16px&#8221; background_color=&#8221;#f7f7f7&#8243; custom_padding=&#8221;16px|16px|16px|16px|true|true&#8221; border_radii=&#8221;on|10px|10px|10px|10px&#8221; global_colors_info=&#8221;{}&#8221;]<\/p>\n<p>Vastuullisuus on kaiken toimintamme perusta. Autamme asiakkaitamme ja sidosryhmi\u00e4mme tunnistamaan ja todentamaan ymp\u00e4rist\u00f6n kannalta parhaat tuotantomenetelm\u00e4t, hy\u00f6dynt\u00e4en uusimpaan tiet\u00e4mykseen perustuvia menetelmi\u00e4, innovatiivisia teknologioita ja laadukasta dataa.<\/p>\n<p>Edist\u00e4mme tieteellist\u00e4 l\u00e4hestymistapaa ymp\u00e4rist\u00f6vaikutusten todentamisessa, erityisesti niill\u00e4 alueilla, joilla sill\u00e4 on suurin merkitys. Toimimme vastuullisesti jokaisessa p\u00e4\u00e4t\u00f6ksess\u00e4mme, pit\u00e4en ymp\u00e4rist\u00f6n hyvinvoinnin ja kest\u00e4v\u00e4n kehityksen jatkuvasti etusijalla.<\/p>\n<p>[\/et_pb_text][\/et_pb_column][\/et_pb_row][\/et_pb_section]<\/p>\n","protected":false},"excerpt":{"rendered":"<p>Datasense Oy (perustettu 2016) on erikoistunut moderneihin mittausratkaisuihin ymp\u00e4rist\u00f6tutkimuksen, \u00e4lymaatalouden (farmiaisti.fi) ja teollisuuden tarpeisiin. Tarjoamme monipuolisia ja tarkkoja ratkaisuja kasvihuonekaasujen, s\u00e4\u00e4- ja olosuhdetietojen, maaper\u00e4n, kasvuston sek\u00e4 pohja- ja pintavesien pinnankorkeuden ja laadun mittaamiseen. Mittausasemien lis\u00e4ksi palveluihimme kuuluvat suunnittelu, asennukset, n\u00e4ytteiden ker\u00e4ys, analyysit ja yll\u00e4pito.Uskomme jatkuvaan kehitykseen ja uusien ideoiden nopeaan k\u00e4ytt\u00f6\u00f6nottoon, mik\u00e4 mahdollistaa paremman sopeutumisen [&hellip;]<\/p>\n","protected":false},"author":1,"featured_media":0,"parent":0,"menu_order":0,"comment_status":"closed","ping_status":"closed","template":"","meta":{"_et_pb_use_builder":"on","_et_pb_old_content":"","_et_gb_content_width":"892","footnotes":""},"class_list":["post-133","page","type-page","status-publish","hentry"],"_links":{"self":[{"href":"https:\/\/www.datasense.fi\/en\/wp-json\/wp\/v2\/pages\/133","targetHints":{"allow":["GET"]}}],"collection":[{"href":"https:\/\/www.datasense.fi\/en\/wp-json\/wp\/v2\/pages"}],"about":[{"href":"https:\/\/www.datasense.fi\/en\/wp-json\/wp\/v2\/types\/page"}],"author":[{"embeddable":true,"href":"https:\/\/www.datasense.fi\/en\/wp-json\/wp\/v2\/users\/1"}],"replies":[{"embeddable":true,"href":"https:\/\/www.datasense.fi\/en\/wp-json\/wp\/v2\/comments?post=133"}],"version-history":[{"count":51,"href":"https:\/\/www.datasense.fi\/en\/wp-json\/wp\/v2\/pages\/133\/revisions"}],"predecessor-version":[{"id":987583502,"href":"https:\/\/www.datasense.fi\/en\/wp-json\/wp\/v2\/pages\/133\/revisions\/987583502"}],"wp:attachment":[{"href":"https:\/\/www.datasense.fi\/en\/wp-json\/wp\/v2\/media?parent=133"}],"curies":[{"name":"wp","href":"https:\/\/api.w.org\/{rel}","templated":true}]}}